{"id":10255,"date":"2023-10-31T18:41:35","date_gmt":"2023-10-31T18:41:35","guid":{"rendered":"https:\/\/autokultuur.ee\/meist\/"},"modified":"2025-08-11T01:51:54","modified_gmt":"2025-08-11T01:51:54","slug":"meist","status":"publish","type":"page","link":"https:\/\/autokultuur.ee\/et\/meist\/","title":{"rendered":"Meie kohta"},"content":{"rendered":"\t\t<div data-elementor-type=\"wp-page\" data-elementor-id=\"10255\" class=\"elementor elementor-10255 elementor-1552\" data-elementor-post-type=\"page\">\n\t\t\t\t\t\t<section class=\"elementor-section elementor-top-section elementor-element elementor-element-2b8720d4 elementor-section-height-min-height elementor-section-boxed elementor-section-height-default elementor-section-items-middle wpr-particle-no wpr-jarallax-no wpr-parallax-no wpr-sticky-section-no\" data-id=\"2b8720d4\" data-element_type=\"section\" data-settings=\"{&quot;background_background&quot;:&quot;classic&quot;}\">\n\t\t\t\t\t\t\t<div class=\"elementor-background-overlay\"><\/div>\n\t\t\t\t\t\t\t<div class=\"elementor-container elementor-column-gap-default\">\n\t\t\t\t\t<div class=\"elementor-column elementor-col-100 elementor-top-column elementor-element elementor-element-46bfb92b\" data-id=\"46bfb92b\" data-element_type=\"column\">\n\t\t\t<div class=\"elementor-widget-wrap elementor-element-populated\">\n\t\t\t\t\t\t<div class=\"elementor-element elementor-element-62c5be78 elementor-widget elementor-widget-heading\" data-id=\"62c5be78\" data-element_type=\"widget\" data-widget_type=\"heading.default\">\n\t\t\t\t<div class=\"elementor-widget-container\">\n\t\t\t\t\t<h1 class=\"elementor-heading-title elementor-size-default\">Meie kohta<\/h1>\t\t\t\t<\/div>\n\t\t\t\t<\/div>\n\t\t\t\t\t<\/div>\n\t\t<\/div>\n\t\t\t\t\t<\/div>\n\t\t<\/section>\n\t\t\t\t<section class=\"elementor-section elementor-top-section elementor-element elementor-element-5f59cd44 elementor-section-boxed elementor-section-height-default elementor-section-height-default wpr-particle-no wpr-jarallax-no wpr-parallax-no wpr-sticky-section-no\" data-id=\"5f59cd44\" data-element_type=\"section\">\n\t\t\t\t\t\t<div class=\"elementor-container elementor-column-gap-default\">\n\t\t\t\t\t<div class=\"elementor-column elementor-col-50 elementor-top-column elementor-element elementor-element-68b54c97\" data-id=\"68b54c97\" data-element_type=\"column\">\n\t\t\t<div class=\"elementor-widget-wrap elementor-element-populated\">\n\t\t\t\t\t\t<div class=\"elementor-element elementor-element-6da4ae75 elementor-hidden-mobile elementor-widget elementor-widget-image\" data-id=\"6da4ae75\" data-element_type=\"widget\" data-widget_type=\"image.default\">\n\t\t\t\t<div class=\"elementor-widget-container\">\n\t\t\t\t\t\t\t\t\t\t\t\t\t\t\t<img fetchpriority=\"high\" decoding=\"async\" width=\"1001\" height=\"1024\" src=\"https:\/\/autokultuur.ee\/wp-content\/uploads\/2024\/09\/DSC07600-1-1001x1024.jpg\" class=\"attachment-large size-large wp-image-9299\" alt=\"\" srcset=\"https:\/\/autokultuur.ee\/wp-content\/uploads\/2024\/09\/DSC07600-1-1001x1024.jpg 1001w, https:\/\/autokultuur.ee\/wp-content\/uploads\/2024\/09\/DSC07600-1-293x300.jpg 293w, https:\/\/autokultuur.ee\/wp-content\/uploads\/2024\/09\/DSC07600-1-768x786.jpg 768w, https:\/\/autokultuur.ee\/wp-content\/uploads\/2024\/09\/DSC07600-1-1501x1536.jpg 1501w, https:\/\/autokultuur.ee\/wp-content\/uploads\/2024\/09\/DSC07600-1-500x512.jpg 500w, https:\/\/autokultuur.ee\/wp-content\/uploads\/2024\/09\/DSC07600-1.jpg 1638w\" sizes=\"(max-width: 1001px) 100vw, 1001px\" \/>\t\t\t\t\t\t\t\t\t\t\t\t\t\t\t<\/div>\n\t\t\t\t<\/div>\n\t\t\t\t\t<\/div>\n\t\t<\/div>\n\t\t\t\t<div class=\"elementor-column elementor-col-50 elementor-top-column elementor-element elementor-element-16483de8\" data-id=\"16483de8\" data-element_type=\"column\">\n\t\t\t<div class=\"elementor-widget-wrap elementor-element-populated\">\n\t\t\t\t\t\t<div class=\"elementor-element elementor-element-3feb552c elementor-widget elementor-widget-heading\" data-id=\"3feb552c\" data-element_type=\"widget\" data-widget_type=\"heading.default\">\n\t\t\t\t<div class=\"elementor-widget-container\">\n\t\t\t\t\t<h2 class=\"elementor-heading-title elementor-size-default\">Kes me oleme?<\/h2>\t\t\t\t<\/div>\n\t\t\t\t<\/div>\n\t\t\t\t<div class=\"elementor-element elementor-element-0f75193 elementor-widget elementor-widget-text-editor\" data-id=\"0f75193\" data-element_type=\"widget\" data-widget_type=\"text-editor.default\">\n\t\t\t\t<div class=\"elementor-widget-container\">\n\t\t\t\t\t\t\t\t\t<p>Me oleme seltskond tavalisi avatud m\u00f5tlemisega bensiinip\u00e4id &#8211; kui me n\u00e4eme projektikat, siis viskame p\u00f6idlad \u00fcles. Meie meeskond on peamiselt keskendunud stance projektidele, kuid me austame kogu autoskene. Me usume, et kogu selle mitmekesisuse juures on meil k\u00f5igil sama eesm\u00e4rk ja areneda saame vaid \u00fcheskoos.<\/p>\t\t\t\t\t\t\t\t<\/div>\n\t\t\t\t<\/div>\n\t\t\t\t<div class=\"elementor-element elementor-element-07d6030 elementor-hidden-desktop elementor-widget elementor-widget-image\" data-id=\"07d6030\" data-element_type=\"widget\" data-widget_type=\"image.default\">\n\t\t\t\t<div class=\"elementor-widget-container\">\n\t\t\t\t\t\t\t\t\t\t\t\t\t\t\t<img fetchpriority=\"high\" decoding=\"async\" width=\"1001\" height=\"1024\" src=\"https:\/\/autokultuur.ee\/wp-content\/uploads\/2024\/09\/DSC07600-1-1001x1024.jpg\" class=\"attachment-large size-large wp-image-9299\" alt=\"\" srcset=\"https:\/\/autokultuur.ee\/wp-content\/uploads\/2024\/09\/DSC07600-1-1001x1024.jpg 1001w, https:\/\/autokultuur.ee\/wp-content\/uploads\/2024\/09\/DSC07600-1-293x300.jpg 293w, https:\/\/autokultuur.ee\/wp-content\/uploads\/2024\/09\/DSC07600-1-768x786.jpg 768w, https:\/\/autokultuur.ee\/wp-content\/uploads\/2024\/09\/DSC07600-1-1501x1536.jpg 1501w, https:\/\/autokultuur.ee\/wp-content\/uploads\/2024\/09\/DSC07600-1-500x512.jpg 500w, https:\/\/autokultuur.ee\/wp-content\/uploads\/2024\/09\/DSC07600-1.jpg 1638w\" sizes=\"(max-width: 1001px) 100vw, 1001px\" \/>\t\t\t\t\t\t\t\t\t\t\t\t\t\t\t<\/div>\n\t\t\t\t<\/div>\n\t\t\t\t\t<\/div>\n\t\t<\/div>\n\t\t\t\t\t<\/div>\n\t\t<\/section>\n\t\t\t\t<\/div>\n\t\t","protected":false},"excerpt":{"rendered":"<p>Meie kohta Kes me oleme? Me oleme seltskond tavalisi avatud m\u00f5tlemisega bensiinip\u00e4id &#8211; kui me n\u00e4eme projektikat, siis viskame p\u00f6idlad \u00fcles. Meie meeskond on peamiselt keskendunud stance projektidele, kuid me austame kogu autoskene. Me usume, et kogu selle mitmekesisuse juures on meil k\u00f5igil sama eesm\u00e4rk ja areneda saame vaid \u00fcheskoos.<\/p>\n","protected":false},"author":1,"featured_media":0,"parent":0,"menu_order":0,"comment_status":"closed","ping_status":"closed","template":"","meta":{"_eb_attr":"","site-sidebar-layout":"no-sidebar","site-content-layout":"page-builder","ast-site-content-layout":"full-width-container","site-content-style":"default","site-sidebar-style":"default","ast-global-header-display":"","ast-banner-title-visibility":"","ast-main-header-display":"","ast-hfb-above-header-display":"","ast-hfb-below-header-display":"","ast-hfb-mobile-header-display":"","site-post-title":"disabled","ast-breadcrumbs-content":"","ast-featured-img":"disabled","footer-sml-layout":"","theme-transparent-header-meta":"default","adv-header-id-meta":"","stick-header-meta":"","header-above-stick-meta":"","header-main-stick-meta":"","header-below-stick-meta":"","astra-migrate-meta-layouts":"default","ast-page-background-enabled":"default","ast-page-background-meta":{"desktop":{"background-color":"var(--ast-global-color-4)","background-image":"","background-repeat":"repeat","background-position":"center center","background-size":"auto","background-attachment":"scroll","background-type":"","background-media":"","overlay-type":"","overlay-color":"","overlay-opacity":"","overlay-gradient":""},"tablet":{"background-color":"","background-image":"","background-repeat":"repeat","background-position":"center center","background-size":"auto","background-attachment":"scroll","background-type":"","background-media":"","overlay-type":"","overlay-color":"","overlay-opacity":"","overlay-gradient":""},"mobile":{"background-color":"","background-image":"","background-repeat":"repeat","background-position":"center center","background-size":"auto","background-attachment":"scroll","background-type":"","background-media":"","overlay-type":"","overlay-color":"","overlay-opacity":"","overlay-gradient":""}},"ast-content-background-meta":{"desktop":{"background-color":"var(--ast-global-color-5)","background-image":"","background-repeat":"repeat","background-position":"center center","background-size":"auto","background-attachment":"scroll","background-type":"","background-media":"","overlay-type":"","overlay-color":"","overlay-opacity":"","overlay-gradient":""},"tablet":{"background-color":"var(--ast-global-color-5)","background-image":"","background-repeat":"repeat","background-position":"center center","background-size":"auto","background-attachment":"scroll","background-type":"","background-media":"","overlay-type":"","overlay-color":"","overlay-opacity":"","overlay-gradient":""},"mobile":{"background-color":"var(--ast-global-color-5)","background-image":"","background-repeat":"repeat","background-position":"center center","background-size":"auto","background-attachment":"scroll","background-type":"","background-media":"","overlay-type":"","overlay-color":"","overlay-opacity":"","overlay-gradient":""}},"footnotes":""},"class_list":["post-10255","page","type-page","status-publish","hentry"],"jetpack_sharing_enabled":true,"_links":{"self":[{"href":"https:\/\/autokultuur.ee\/et\/wp-json\/wp\/v2\/pages\/10255","targetHints":{"allow":["GET"]}}],"collection":[{"href":"https:\/\/autokultuur.ee\/et\/wp-json\/wp\/v2\/pages"}],"about":[{"href":"https:\/\/autokultuur.ee\/et\/wp-json\/wp\/v2\/types\/page"}],"author":[{"embeddable":true,"href":"https:\/\/autokultuur.ee\/et\/wp-json\/wp\/v2\/users\/1"}],"replies":[{"embeddable":true,"href":"https:\/\/autokultuur.ee\/et\/wp-json\/wp\/v2\/comments?post=10255"}],"version-history":[{"count":5,"href":"https:\/\/autokultuur.ee\/et\/wp-json\/wp\/v2\/pages\/10255\/revisions"}],"predecessor-version":[{"id":12727,"href":"https:\/\/autokultuur.ee\/et\/wp-json\/wp\/v2\/pages\/10255\/revisions\/12727"}],"wp:attachment":[{"href":"https:\/\/autokultuur.ee\/et\/wp-json\/wp\/v2\/media?parent=10255"}],"curies":[{"name":"wp","href":"https:\/\/api.w.org\/{rel}","templated":true}]}}