{"id":10263,"date":"2023-10-30T19:59:10","date_gmt":"2023-10-30T19:59:10","guid":{"rendered":"https:\/\/autokultuur.ee\/uritused\/"},"modified":"2025-06-10T07:52:22","modified_gmt":"2025-06-10T07:52:22","slug":"uritused","status":"publish","type":"page","link":"https:\/\/autokultuur.ee\/et\/uritused\/","title":{"rendered":"\u00dcritused"},"content":{"rendered":"\t\t<div data-elementor-type=\"wp-page\" data-elementor-id=\"10263\" class=\"elementor elementor-10263 elementor-1510\" data-elementor-post-type=\"page\">\n\t\t\t\t\t\t<section class=\"elementor-section elementor-top-section elementor-element elementor-element-7f80cd58 elementor-section-height-min-height elementor-section-boxed elementor-section-height-default elementor-section-items-middle wpr-particle-no wpr-jarallax-no wpr-parallax-no wpr-sticky-section-no\" data-id=\"7f80cd58\" data-element_type=\"section\" data-settings=\"{&quot;background_background&quot;:&quot;classic&quot;}\">\n\t\t\t\t\t\t\t<div class=\"elementor-background-overlay\"><\/div>\n\t\t\t\t\t\t\t<div class=\"elementor-container elementor-column-gap-default\">\n\t\t\t\t\t<div class=\"elementor-column elementor-col-100 elementor-top-column elementor-element elementor-element-4b354ed1\" data-id=\"4b354ed1\" data-element_type=\"column\">\n\t\t\t<div class=\"elementor-widget-wrap elementor-element-populated\">\n\t\t\t\t\t\t<div class=\"elementor-element elementor-element-7921bfbf elementor-widget elementor-widget-heading\" data-id=\"7921bfbf\" data-element_type=\"widget\" data-widget_type=\"heading.default\">\n\t\t\t\t<div class=\"elementor-widget-container\">\n\t\t\t\t\t<h1 class=\"elementor-heading-title elementor-size-default\">\u00dcritused<\/h1>\t\t\t\t<\/div>\n\t\t\t\t<\/div>\n\t\t\t\t\t<\/div>\n\t\t<\/div>\n\t\t\t\t\t<\/div>\n\t\t<\/section>\n\t\t\t\t<section class=\"elementor-section elementor-top-section elementor-element elementor-element-43d05852 elementor-section-boxed elementor-section-height-default elementor-section-height-default wpr-particle-no wpr-jarallax-no wpr-parallax-no wpr-sticky-section-no\" data-id=\"43d05852\" data-element_type=\"section\">\n\t\t\t\t\t\t<div class=\"elementor-container elementor-column-gap-default\">\n\t\t\t\t\t<div class=\"elementor-column elementor-col-50 elementor-top-column elementor-element elementor-element-31f2d824\" data-id=\"31f2d824\" data-element_type=\"column\">\n\t\t\t<div class=\"elementor-widget-wrap elementor-element-populated\">\n\t\t\t\t\t\t<div class=\"elementor-element elementor-element-1bcd5c71 elementor-widget elementor-widget-image\" data-id=\"1bcd5c71\" data-element_type=\"widget\" data-widget_type=\"image.default\">\n\t\t\t\t<div class=\"elementor-widget-container\">\n\t\t\t\t\t\t\t\t\t\t\t\t\t\t\t<img fetchpriority=\"high\" decoding=\"async\" width=\"1024\" height=\"576\" src=\"https:\/\/autokultuur.ee\/wp-content\/uploads\/2023\/11\/headr3-1024x576.jpg\" class=\"attachment-large size-large wp-image-7973\" alt=\"\" srcset=\"https:\/\/autokultuur.ee\/wp-content\/uploads\/2023\/11\/headr3-1024x576.jpg 1024w, https:\/\/autokultuur.ee\/wp-content\/uploads\/2023\/11\/headr3-500x281.jpg 500w, https:\/\/autokultuur.ee\/wp-content\/uploads\/2023\/11\/headr3-300x169.jpg 300w, https:\/\/autokultuur.ee\/wp-content\/uploads\/2023\/11\/headr3-768x432.jpg 768w, https:\/\/autokultuur.ee\/wp-content\/uploads\/2023\/11\/headr3-1536x864.jpg 1536w, https:\/\/autokultuur.ee\/wp-content\/uploads\/2023\/11\/headr3.jpg 1920w\" sizes=\"(max-width: 1024px) 100vw, 1024px\" \/>\t\t\t\t\t\t\t\t\t\t\t\t\t\t\t<\/div>\n\t\t\t\t<\/div>\n\t\t\t\t\t<\/div>\n\t\t<\/div>\n\t\t\t\t<div class=\"elementor-column elementor-col-50 elementor-top-column elementor-element elementor-element-141d7c2a\" data-id=\"141d7c2a\" data-element_type=\"column\">\n\t\t\t<div class=\"elementor-widget-wrap elementor-element-populated\">\n\t\t\t\t\t\t<div class=\"elementor-element elementor-element-4e435aeb elementor-widget elementor-widget-heading\" data-id=\"4e435aeb\" data-element_type=\"widget\" data-widget_type=\"heading.default\">\n\t\t\t\t<div class=\"elementor-widget-container\">\n\t\t\t\t\t<h2 class=\"elementor-heading-title elementor-size-default\">Radical - The Beginning<\/h2>\t\t\t\t<\/div>\n\t\t\t\t<\/div>\n\t\t\t\t<div class=\"elementor-element elementor-element-6dd2543b elementor-widget elementor-widget-text-editor\" data-id=\"6dd2543b\" data-element_type=\"widget\" data-widget_type=\"text-editor.default\">\n\t\t\t\t<div class=\"elementor-widget-container\">\n\t\t\t\t\t\t\t\t\t<p>Radical Car Meet pani alguse \u00fcrituste sarjale, mis toob kokku auto- ja motohuvilised Eestist ja v\u00e4lismaalt.<\/p><p>Sarja esimene kokkutulek \u201eThe Beginning\u201c oli kolmep\u00e4evane Grill &#8216;n&#8217; Chill-stiilis \u00fcritus, mis tunnustas kohaliku ja \u00fcmbruskonna parimaid tuunitud s\u00f5idukeid. P\u00f5hir\u00f5hk oli Stance-kultuuri s\u00f5idukitel, kuid osalema olid oodatud k\u00f5ik hingega ehitatud hobiautod. <\/p>\t\t\t\t\t\t\t\t<\/div>\n\t\t\t\t<\/div>\n\t\t\t\t\t<\/div>\n\t\t<\/div>\n\t\t\t\t\t<\/div>\n\t\t<\/section>\n\t\t\t\t<section class=\"elementor-section elementor-top-section elementor-element elementor-element-fe6ddf9 elementor-section-boxed elementor-section-height-default elementor-section-height-default wpr-particle-no wpr-jarallax-no wpr-parallax-no wpr-sticky-section-no\" data-id=\"fe6ddf9\" data-element_type=\"section\">\n\t\t\t\t\t\t<div class=\"elementor-container elementor-column-gap-default\">\n\t\t\t\t\t<div class=\"elementor-column elementor-col-50 elementor-top-column elementor-element elementor-element-a789945\" data-id=\"a789945\" data-element_type=\"column\">\n\t\t\t<div class=\"elementor-widget-wrap elementor-element-populated\">\n\t\t\t\t\t\t<div class=\"elementor-element elementor-element-f427883 elementor-widget elementor-widget-heading\" data-id=\"f427883\" data-element_type=\"widget\" data-widget_type=\"heading.default\">\n\t\t\t\t<div class=\"elementor-widget-container\">\n\t\t\t\t\t<h2 class=\"elementor-heading-title elementor-size-default\">Radical - 2. etapp<\/h2>\t\t\t\t<\/div>\n\t\t\t\t<\/div>\n\t\t\t\t<div class=\"elementor-element elementor-element-7019084 elementor-widget elementor-widget-text-editor\" data-id=\"7019084\" data-element_type=\"widget\" data-widget_type=\"text-editor.default\">\n\t\t\t\t<div class=\"elementor-widget-container\">\n\t\t\t\t\t\t\t\t\t<p>Stage 2 oli teine \u00fcritus Radicali sarjas. Seekord oli tegemist \u00fchep\u00e4evase \u00fcritusega, kus oli tihe programm Meet&#8217;n&#8217;Greet stiilis. \u00dcritusel sai n\u00e4ha piirkonna tuuniguskene k\u00f5ige muljetavaldavamaid s\u00f5idukeid. Peamine sihtgrupp oli endiselt Stance&#8217;i stiili esindajad, kuid seekord said v\u00f5rdselt t\u00e4helepanu ka autospordis kasutatavad v\u00f5idus\u00f5idumasinad, n\u00e4iteks driftiautod. Et aga esindatud masinate sortimenti veelgi mitmekesistada, olid oodatud registreeruma ka osalejad teistest autokultuuri valdkondadest.    <\/p>\t\t\t\t\t\t\t\t<\/div>\n\t\t\t\t<\/div>\n\t\t\t\t\t<\/div>\n\t\t<\/div>\n\t\t\t\t<div class=\"elementor-column elementor-col-50 elementor-top-column elementor-element elementor-element-c448179\" data-id=\"c448179\" data-element_type=\"column\">\n\t\t\t<div class=\"elementor-widget-wrap elementor-element-populated\">\n\t\t\t\t\t\t<div class=\"elementor-element elementor-element-4fc466e elementor-widget elementor-widget-image\" data-id=\"4fc466e\" data-element_type=\"widget\" data-widget_type=\"image.default\">\n\t\t\t\t<div class=\"elementor-widget-container\">\n\t\t\t\t\t\t\t\t\t\t\t\t\t\t\t<img decoding=\"async\" width=\"1024\" height=\"576\" src=\"https:\/\/autokultuur.ee\/wp-content\/uploads\/2023\/11\/IMG_0757-1024x576.jpg\" class=\"attachment-large size-large wp-image-7971\" alt=\"\" srcset=\"https:\/\/autokultuur.ee\/wp-content\/uploads\/2023\/11\/IMG_0757-1024x576.jpg 1024w, https:\/\/autokultuur.ee\/wp-content\/uploads\/2023\/11\/IMG_0757-500x281.jpg 500w, https:\/\/autokultuur.ee\/wp-content\/uploads\/2023\/11\/IMG_0757-300x169.jpg 300w, https:\/\/autokultuur.ee\/wp-content\/uploads\/2023\/11\/IMG_0757-768x432.jpg 768w, https:\/\/autokultuur.ee\/wp-content\/uploads\/2023\/11\/IMG_0757-1536x864.jpg 1536w, https:\/\/autokultuur.ee\/wp-content\/uploads\/2023\/11\/IMG_0757.jpg 1920w\" sizes=\"(max-width: 1024px) 100vw, 1024px\" \/>\t\t\t\t\t\t\t\t\t\t\t\t\t\t\t<\/div>\n\t\t\t\t<\/div>\n\t\t\t\t\t<\/div>\n\t\t<\/div>\n\t\t\t\t\t<\/div>\n\t\t<\/section>\n\t\t\t\t<section class=\"elementor-section elementor-top-section elementor-element elementor-element-303ead4 elementor-section-boxed elementor-section-height-default elementor-section-height-default wpr-particle-no wpr-jarallax-no wpr-parallax-no wpr-sticky-section-no\" data-id=\"303ead4\" data-element_type=\"section\">\n\t\t\t\t\t\t<div class=\"elementor-container elementor-column-gap-default\">\n\t\t\t\t\t<div class=\"elementor-column elementor-col-50 elementor-top-column elementor-element elementor-element-1e2c920\" data-id=\"1e2c920\" data-element_type=\"column\">\n\t\t\t<div class=\"elementor-widget-wrap elementor-element-populated\">\n\t\t\t\t\t\t<div class=\"elementor-element elementor-element-c4a3ff4 elementor-widget elementor-widget-image\" data-id=\"c4a3ff4\" data-element_type=\"widget\" data-widget_type=\"image.default\">\n\t\t\t\t<div class=\"elementor-widget-container\">\n\t\t\t\t\t\t\t\t\t\t\t\t\t\t\t<img decoding=\"async\" width=\"1024\" height=\"576\" src=\"https:\/\/autokultuur.ee\/wp-content\/uploads\/2023\/11\/SR2-1024x576.jpg\" class=\"attachment-large size-large wp-image-7976\" alt=\"\" srcset=\"https:\/\/autokultuur.ee\/wp-content\/uploads\/2023\/11\/SR2-1024x576.jpg 1024w, https:\/\/autokultuur.ee\/wp-content\/uploads\/2023\/11\/SR2-500x281.jpg 500w, https:\/\/autokultuur.ee\/wp-content\/uploads\/2023\/11\/SR2-300x169.jpg 300w, https:\/\/autokultuur.ee\/wp-content\/uploads\/2023\/11\/SR2-768x432.jpg 768w, https:\/\/autokultuur.ee\/wp-content\/uploads\/2023\/11\/SR2-1536x864.jpg 1536w, https:\/\/autokultuur.ee\/wp-content\/uploads\/2023\/11\/SR2.jpg 1920w\" sizes=\"(max-width: 1024px) 100vw, 1024px\" \/>\t\t\t\t\t\t\t\t\t\t\t\t\t\t\t<\/div>\n\t\t\t\t<\/div>\n\t\t\t\t\t<\/div>\n\t\t<\/div>\n\t\t\t\t<div class=\"elementor-column elementor-col-50 elementor-top-column elementor-element elementor-element-3993f77\" data-id=\"3993f77\" data-element_type=\"column\">\n\t\t\t<div class=\"elementor-widget-wrap elementor-element-populated\">\n\t\t\t\t\t\t<div class=\"elementor-element elementor-element-62a056d elementor-widget elementor-widget-heading\" data-id=\"62a056d\" data-element_type=\"widget\" data-widget_type=\"heading.default\">\n\t\t\t\t<div class=\"elementor-widget-container\">\n\t\t\t\t\t<h2 class=\"elementor-heading-title elementor-size-default\">Radical - Stage 3<\/h2>\t\t\t\t<\/div>\n\t\t\t\t<\/div>\n\t\t\t\t<div class=\"elementor-element elementor-element-7df2204 elementor-widget elementor-widget-text-editor\" data-id=\"7df2204\" data-element_type=\"widget\" data-widget_type=\"text-editor.default\">\n\t\t\t\t<div class=\"elementor-widget-container\">\n\t\t\t\t\t\t\t\t\t<p>Stage 3 toimus Raassilla RX \/ Tarvastu motoklubi v\u00f5istlusrajal &#8211; Eesti uusimas autosporti edendavas kompleksis. \u00dcritusel esitleti Baltikumi tuuninguala k\u00f5ige muljetavaldavamaid s\u00f5idukeid. Esindatud autokultuuri p\u00f5hialaks oli j\u00e4tkuvalt Stance, kuid osalema olid oodatud ka s\u00f5idukid erinevatest autospordialadest.  <\/p>\t\t\t\t\t\t\t\t<\/div>\n\t\t\t\t<\/div>\n\t\t\t\t\t<\/div>\n\t\t<\/div>\n\t\t\t\t\t<\/div>\n\t\t<\/section>\n\t\t\t\t<\/div>\n\t\t","protected":false},"excerpt":{"rendered":"<p>\u00dcritused Radical &#8211; The Beginning Radical Car Meet pani alguse \u00fcrituste sarjale, mis toob kokku auto- ja motohuvilised Eestist ja v\u00e4lismaalt. Sarja esimene kokkutulek \u201eThe Beginning\u201c oli kolmep\u00e4evane Grill &#8216;n&#8217; Chill-stiilis \u00fcritus, mis tunnustas kohaliku ja \u00fcmbruskonna parimaid tuunitud s\u00f5idukeid. P\u00f5hir\u00f5hk oli Stance-kultuuri s\u00f5idukitel, kuid osalema olid oodatud k\u00f5ik hingega ehitatud hobiautod. Radical &#8211; 2.<\/p>\n","protected":false},"author":1,"featured_media":0,"parent":0,"menu_order":0,"comment_status":"closed","ping_status":"closed","template":"","meta":{"_eb_attr":"","site-sidebar-layout":"no-sidebar","site-content-layout":"page-builder","ast-site-content-layout":"full-width-container","site-content-style":"unboxed","site-sidebar-style":"unboxed","ast-global-header-display":"","ast-banner-title-visibility":"","ast-main-header-display":"","ast-hfb-above-header-display":"","ast-hfb-below-header-display":"","ast-hfb-mobile-header-display":"","site-post-title":"disabled","ast-breadcrumbs-content":"","ast-featured-img":"disabled","footer-sml-layout":"","theme-transparent-header-meta":"disabled","adv-header-id-meta":"","stick-header-meta":"","header-above-stick-meta":"","header-main-stick-meta":"","header-below-stick-meta":"","astra-migrate-meta-layouts":"default","ast-page-background-enabled":"default","ast-page-background-meta":{"desktop":{"background-color":"var(--ast-global-color-4)","background-image":"","background-repeat":"repeat","background-position":"center center","background-size":"auto","background-attachment":"scroll","background-type":"","background-media":"","overlay-type":"","overlay-color":"","overlay-opacity":"","overlay-gradient":""},"tablet":{"background-color":"","background-image":"","background-repeat":"repeat","background-position":"center center","background-size":"auto","background-attachment":"scroll","background-type":"","background-media":"","overlay-type":"","overlay-color":"","overlay-opacity":"","overlay-gradient":""},"mobile":{"background-color":"","background-image":"","background-repeat":"repeat","background-position":"center center","background-size":"auto","background-attachment":"scroll","background-type":"","background-media":"","overlay-type":"","overlay-color":"","overlay-opacity":"","overlay-gradient":""}},"ast-content-background-meta":{"desktop":{"background-color":"var(--ast-global-color-5)","background-image":"","background-repeat":"repeat","background-position":"center center","background-size":"auto","background-attachment":"scroll","background-type":"","background-media":"","overlay-type":"","overlay-color":"","overlay-opacity":"","overlay-gradient":""},"tablet":{"background-color":"var(--ast-global-color-5)","background-image":"","background-repeat":"repeat","background-position":"center center","background-size":"auto","background-attachment":"scroll","background-type":"","background-media":"","overlay-type":"","overlay-color":"","overlay-opacity":"","overlay-gradient":""},"mobile":{"background-color":"var(--ast-global-color-5)","background-image":"","background-repeat":"repeat","background-position":"center center","background-size":"auto","background-attachment":"scroll","background-type":"","background-media":"","overlay-type":"","overlay-color":"","overlay-opacity":"","overlay-gradient":""}},"footnotes":""},"class_list":["post-10263","page","type-page","status-publish","hentry"],"jetpack_sharing_enabled":true,"_links":{"self":[{"href":"https:\/\/autokultuur.ee\/et\/wp-json\/wp\/v2\/pages\/10263","targetHints":{"allow":["GET"]}}],"collection":[{"href":"https:\/\/autokultuur.ee\/et\/wp-json\/wp\/v2\/pages"}],"about":[{"href":"https:\/\/autokultuur.ee\/et\/wp-json\/wp\/v2\/types\/page"}],"author":[{"embeddable":true,"href":"https:\/\/autokultuur.ee\/et\/wp-json\/wp\/v2\/users\/1"}],"replies":[{"embeddable":true,"href":"https:\/\/autokultuur.ee\/et\/wp-json\/wp\/v2\/comments?post=10263"}],"version-history":[{"count":2,"href":"https:\/\/autokultuur.ee\/et\/wp-json\/wp\/v2\/pages\/10263\/revisions"}],"predecessor-version":[{"id":10809,"href":"https:\/\/autokultuur.ee\/et\/wp-json\/wp\/v2\/pages\/10263\/revisions\/10809"}],"wp:attachment":[{"href":"https:\/\/autokultuur.ee\/et\/wp-json\/wp\/v2\/media?parent=10263"}],"curies":[{"name":"wp","href":"https:\/\/api.w.org\/{rel}","templated":true}]}}