{"id":10360,"date":"2025-03-13T21:00:24","date_gmt":"2025-03-13T21:00:24","guid":{"rendered":"https:\/\/autokultuur.ee\/mts-technik-coilover-loosimine\/"},"modified":"2025-06-10T14:14:42","modified_gmt":"2025-06-10T14:14:42","slug":"mts-technik-coilover-loosimine","status":"publish","type":"page","link":"https:\/\/autokultuur.ee\/et\/mts-technik-coilover-loosimine\/","title":{"rendered":"MTS Technik coiloverite loosimine"},"content":{"rendered":"<p>Ostes pileti ette, osalete MTS Technik Gold Series coiloverite loosimises!<\/p>\n<p>V\u00f5itja loositakse \u00fcritusel kell 18:00<\/p>\n<p><a href=\"https:\/\/autokultuur.ee\/et\/toode\/pealtvaatajate-piletid-radical-2025\/\"><strong>KLIKI SIIA, ET OSTA PILETID RADICAL 2025. AASTA \u00dcRITUSELE<\/strong><\/a><\/p>\n<p>&nbsp;<\/p>\n<p><img fetchpriority=\"high\" decoding=\"async\" class=\"alignnone wp-image-6992\" src=\"https:\/\/autokultuur.ee\/wp-content\/uploads\/2024\/12\/OOOOOOOOOO-240x300.jpg\" width=\"729\" height=\"912\" srcset=\"https:\/\/autokultuur.ee\/wp-content\/uploads\/2024\/12\/OOOOOOOOOO-240x300.jpg 240w, https:\/\/autokultuur.ee\/wp-content\/uploads\/2024\/12\/OOOOOOOOOO-819x1024.jpg 819w, https:\/\/autokultuur.ee\/wp-content\/uploads\/2024\/12\/OOOOOOOOOO-768x960.jpg 768w, https:\/\/autokultuur.ee\/wp-content\/uploads\/2024\/12\/OOOOOOOOOO-500x625.jpg 500w, https:\/\/autokultuur.ee\/wp-content\/uploads\/2024\/12\/OOOOOOOOOO.jpg 1080w\" sizes=\"(max-width: 729px) 100vw, 729px\" \/><\/p>\n","protected":false},"excerpt":{"rendered":"<p>Ostes pileti ette, osalete MTS Technik Gold Series coiloverite loosimises! V\u00f5itja loositakse \u00fcritusel kell 18:00 KLIKI SIIA, ET OSTA PILETID RADICAL 2025. AASTA \u00dcRITUSELE &nbsp;<\/p>\n","protected":false},"author":1,"featured_media":0,"parent":0,"menu_order":0,"comment_status":"closed","ping_status":"closed","template":"","meta":{"_eb_attr":"","site-sidebar-layout":"default","site-content-layout":"","ast-site-content-layout":"default","site-content-style":"default","site-sidebar-style":"default","ast-global-header-display":"","ast-banner-title-visibility":"","ast-main-header-display":"","ast-hfb-above-header-display":"","ast-hfb-below-header-display":"","ast-hfb-mobile-header-display":"","site-post-title":"","ast-breadcrumbs-content":"","ast-featured-img":"","footer-sml-layout":"","theme-transparent-header-meta":"default","adv-header-id-meta":"","stick-header-meta":"default","header-above-stick-meta":"","header-main-stick-meta":"","header-below-stick-meta":"","astra-migrate-meta-layouts":"default","ast-page-background-enabled":"default","ast-page-background-meta":{"desktop":{"background-color":"var(--ast-global-color-4)","background-image":"","background-repeat":"repeat","background-position":"center center","background-size":"auto","background-attachment":"scroll","background-type":"","background-media":"","overlay-type":"","overlay-color":"","overlay-opacity":"","overlay-gradient":""},"tablet":{"background-color":"","background-image":"","background-repeat":"repeat","background-position":"center center","background-size":"auto","background-attachment":"scroll","background-type":"","background-media":"","overlay-type":"","overlay-color":"","overlay-opacity":"","overlay-gradient":""},"mobile":{"background-color":"","background-image":"","background-repeat":"repeat","background-position":"center center","background-size":"auto","background-attachment":"scroll","background-type":"","background-media":"","overlay-type":"","overlay-color":"","overlay-opacity":"","overlay-gradient":""}},"ast-content-background-meta":{"desktop":{"background-color":"var(--ast-global-color-5)","background-image":"","background-repeat":"repeat","background-position":"center center","background-size":"auto","background-attachment":"scroll","background-type":"","background-media":"","overlay-type":"","overlay-color":"","overlay-opacity":"","overlay-gradient":""},"tablet":{"background-color":"var(--ast-global-color-5)","background-image":"","background-repeat":"repeat","background-position":"center center","background-size":"auto","background-attachment":"scroll","background-type":"","background-media":"","overlay-type":"","overlay-color":"","overlay-opacity":"","overlay-gradient":""},"mobile":{"background-color":"var(--ast-global-color-5)","background-image":"","background-repeat":"repeat","background-position":"center center","background-size":"auto","background-attachment":"scroll","background-type":"","background-media":"","overlay-type":"","overlay-color":"","overlay-opacity":"","overlay-gradient":""}},"footnotes":""},"class_list":["post-10360","page","type-page","status-publish","hentry"],"jetpack_sharing_enabled":true,"_links":{"self":[{"href":"https:\/\/autokultuur.ee\/et\/wp-json\/wp\/v2\/pages\/10360","targetHints":{"allow":["GET"]}}],"collection":[{"href":"https:\/\/autokultuur.ee\/et\/wp-json\/wp\/v2\/pages"}],"about":[{"href":"https:\/\/autokultuur.ee\/et\/wp-json\/wp\/v2\/types\/page"}],"author":[{"embeddable":true,"href":"https:\/\/autokultuur.ee\/et\/wp-json\/wp\/v2\/users\/1"}],"replies":[{"embeddable":true,"href":"https:\/\/autokultuur.ee\/et\/wp-json\/wp\/v2\/comments?post=10360"}],"version-history":[{"count":1,"href":"https:\/\/autokultuur.ee\/et\/wp-json\/wp\/v2\/pages\/10360\/revisions"}],"predecessor-version":[{"id":10862,"href":"https:\/\/autokultuur.ee\/et\/wp-json\/wp\/v2\/pages\/10360\/revisions\/10862"}],"wp:attachment":[{"href":"https:\/\/autokultuur.ee\/et\/wp-json\/wp\/v2\/media?parent=10360"}],"curies":[{"name":"wp","href":"https:\/\/api.w.org\/{rel}","templated":true}]}}