{"id":13446,"date":"2025-10-25T14:19:40","date_gmt":"2025-10-25T14:19:40","guid":{"rendered":"https:\/\/autokultuur.ee\/saturday-driversi-blogi\/"},"modified":"2026-01-14T13:25:57","modified_gmt":"2026-01-14T13:25:57","slug":"saturday-driversi-blogi","status":"publish","type":"page","link":"https:\/\/autokultuur.ee\/et\/saturday-driversi-blogi\/","title":{"rendered":"Saturday Drivers&#8217;i Blogi"},"content":{"rendered":"\t\t<div data-elementor-type=\"wp-page\" data-elementor-id=\"13446\" class=\"elementor elementor-13446 elementor-13051\" data-elementor-post-type=\"page\">\n\t\t\t\t<div class=\"elementor-element elementor-element-721fa26 e-flex e-con-boxed wpr-particle-no wpr-jarallax-no wpr-parallax-no wpr-sticky-section-no e-con e-parent\" data-id=\"721fa26\" data-element_type=\"container\" data-settings=\"{&quot;background_background&quot;:&quot;classic&quot;}\">\n\t\t\t\t\t<div class=\"e-con-inner\">\n\t\t\t\t<div class=\"elementor-element elementor-element-ebecbe4 elementor-widget elementor-widget-image\" data-id=\"ebecbe4\" data-element_type=\"widget\" data-widget_type=\"image.default\">\n\t\t\t\t<div class=\"elementor-widget-container\">\n\t\t\t\t\t\t\t\t\t\t\t\t\t\t\t<img fetchpriority=\"high\" decoding=\"async\" width=\"1000\" height=\"284\" src=\"https:\/\/autokultuur.ee\/wp-content\/uploads\/2025\/10\/saturday_drivers_logo.png\" class=\"attachment-full size-full wp-image-12876\" alt=\"\" srcset=\"https:\/\/autokultuur.ee\/wp-content\/uploads\/2025\/10\/saturday_drivers_logo.png 1000w, https:\/\/autokultuur.ee\/wp-content\/uploads\/2025\/10\/saturday_drivers_logo-300x85.png 300w, https:\/\/autokultuur.ee\/wp-content\/uploads\/2025\/10\/saturday_drivers_logo-768x218.png 768w, https:\/\/autokultuur.ee\/wp-content\/uploads\/2025\/10\/saturday_drivers_logo-500x142.png 500w\" sizes=\"(max-width: 1000px) 100vw, 1000px\" \/>\t\t\t\t\t\t\t\t\t\t\t\t\t\t\t<\/div>\n\t\t\t\t<\/div>\n\t\t\t\t<div class=\"elementor-element elementor-element-2a3f6cc elementor-widget elementor-widget-image\" data-id=\"2a3f6cc\" data-element_type=\"widget\" data-widget_type=\"image.default\">\n\t\t\t\t<div class=\"elementor-widget-container\">\n\t\t\t\t\t\t\t\t\t\t\t\t\t\t\t<img decoding=\"async\" width=\"1000\" height=\"134\" src=\"https:\/\/autokultuur.ee\/wp-content\/uploads\/2025\/10\/blog_logo.png\" class=\"attachment-large size-large wp-image-12878\" alt=\"\" srcset=\"https:\/\/autokultuur.ee\/wp-content\/uploads\/2025\/10\/blog_logo.png 1000w, https:\/\/autokultuur.ee\/wp-content\/uploads\/2025\/10\/blog_logo-300x40.png 300w, https:\/\/autokultuur.ee\/wp-content\/uploads\/2025\/10\/blog_logo-768x103.png 768w, https:\/\/autokultuur.ee\/wp-content\/uploads\/2025\/10\/blog_logo-500x67.png 500w\" sizes=\"(max-width: 1000px) 100vw, 1000px\" \/>\t\t\t\t\t\t\t\t\t\t\t\t\t\t\t<\/div>\n\t\t\t\t<\/div>\n\t\t\t\t\t<\/div>\n\t\t\t\t<\/div>\n\t\t<div class=\"elementor-element elementor-element-b9de6dc e-flex e-con-boxed wpr-particle-no wpr-jarallax-no wpr-parallax-no wpr-sticky-section-no e-con e-parent\" data-id=\"b9de6dc\" data-element_type=\"container\">\n\t\t\t\t\t<div class=\"e-con-inner\">\n\t\t\t\t<div class=\"elementor-element elementor-element-8f0a0fb wpr-grid-columns--mobile1 wpr-item-styles-wrapper wpr-grid-columns-3 wpr-grid-columns--tablet2 wpr-grid-pagination-center elementor-widget elementor-widget-wpr-grid\" data-id=\"8f0a0fb\" data-element_type=\"widget\" data-widget_type=\"wpr-grid.default\">\n\t\t\t\t<div class=\"elementor-widget-container\">\n\t\t\t\t\t<ul class=\"wpr-grid-filters elementor-clearfix wpr-grid-filters-sep-right\"><li class=\" wpr-pointer-none wpr-pointer-line-fx wpr-pointer-fx-none\"><span  data-filter=\"*\" class=\"wpr-grid-filters-item wpr-active-filter \">K\u00f5ik postitused<\/span><em class=\"wpr-grid-filters-sep\"><\/em><\/li><li class=\" wpr-pointer-none wpr-pointer-line-fx wpr-pointer-fx-none\"><span   data-ajax-filter=[\"category\",\"autod\"]  data-filter=\".category-autod\">Autod<\/span><em class=\"wpr-grid-filters-sep\"><\/em><\/li><li class=\" wpr-pointer-none wpr-pointer-line-fx wpr-pointer-fx-none\"><span   data-ajax-filter=[\"category\",\"inimesed\"]  data-filter=\".category-inimesed\">Inimesed<\/span><em class=\"wpr-grid-filters-sep\"><\/em><\/li><li class=\" wpr-pointer-none wpr-pointer-line-fx wpr-pointer-fx-none\"><span   data-ajax-filter=[\"category\",\"uritused\"]  data-filter=\".category-uritused\">\u00dcritused<\/span><em class=\"wpr-grid-filters-sep\"><\/em><\/li><\/ul><section class=\"wpr-grid elementor-clearfix\" data-settings=\"{&quot;layout&quot;:&quot;fitRows&quot;,&quot;stick_last_element_to_bottom&quot;:&quot;&quot;,&quot;columns_desktop&quot;:3,&quot;gutter_hr&quot;:50,&quot;gutter_hr_mobile&quot;:0,&quot;gutter_hr_mobile_extra&quot;:50,&quot;gutter_hr_tablet&quot;:50,&quot;gutter_hr_tablet_extra&quot;:50,&quot;gutter_hr_laptop&quot;:50,&quot;gutter_hr_widescreen&quot;:50,&quot;gutter_vr&quot;:30,&quot;gutter_vr_mobile&quot;:0,&quot;gutter_vr_mobile_extra&quot;:30,&quot;gutter_vr_tablet&quot;:30,&quot;gutter_vr_tablet_extra&quot;:30,&quot;gutter_vr_laptop&quot;:30,&quot;gutter_vr_widescreen&quot;:30,&quot;animation&quot;:&quot;default&quot;,&quot;animation_duration&quot;:0.299999999999999988897769753748434595763683319091796875,&quot;animation_delay&quot;:0.1000000000000000055511151231257827021181583404541015625,&quot;deeplinking&quot;:&quot;&quot;,&quot;filters_linkable&quot;:&quot;&quot;,&quot;filters_default_filter&quot;:&quot;&quot;,&quot;filters_count&quot;:&quot;&quot;,&quot;filters_hide_empty&quot;:&quot;&quot;,&quot;filters_animation&quot;:&quot;default&quot;,&quot;filters_animation_duration&quot;:0.299999999999999988897769753748434595763683319091796875,&quot;filters_animation_delay&quot;:0.1000000000000000055511151231257827021181583404541015625,&quot;pagination_type&quot;:&quot;load-more&quot;,&quot;pagination_max_pages&quot;:1,&quot;lightbox&quot;:{&quot;selector&quot;:&quot;.wpr-grid-image-wrap&quot;,&quot;iframeMaxWidth&quot;:&quot;60%&quot;,&quot;hash&quot;:false,&quot;autoplay&quot;:&quot;true&quot;,&quot;pause&quot;:5000,&quot;progressBar&quot;:&quot;true&quot;,&quot;counter&quot;:&quot;true&quot;,&quot;controls&quot;:&quot;true&quot;,&quot;getCaptionFromTitleOrAlt&quot;:&quot;true&quot;,&quot;thumbnail&quot;:&quot;&quot;,&quot;showThumbByDefault&quot;:&quot;&quot;,&quot;share&quot;:&quot;&quot;,&quot;zoom&quot;:&quot;true&quot;,&quot;fullScreen&quot;:&quot;true&quot;,&quot;download&quot;:&quot;true&quot;}}\"><article class=\"wpr-grid-item elementor-clearfix post-14334 post type-post status-publish format-standard has-post-thumbnail hentry category-inimesed\"><div class=\"wpr-grid-item-inner\"><div class=\"wpr-grid-media-wrap wpr-effect-size-medium \" data-overlay-link=\"yes\"><div class=\"wpr-grid-image-wrap\" data-src=\"https:\/\/autokultuur.ee\/wp-content\/uploads\/2026\/03\/16x9banner.jpg\" data-img-on-hover=\"\"  data-src-secondary=\"\"><img decoding=\"async\" data-no-lazy=\"1\" src=\"https:\/\/autokultuur.ee\/wp-content\/uploads\/2026\/03\/16x9banner.jpg\" alt=\"Minu teekond kaameraga &#8211; Silvo Voznesenski\" class=\"wpr-anim-timing-ease-default\"><\/div><div class=\"wpr-grid-media-hover wpr-animation-wrap\"><div class=\"wpr-grid-media-hover-bg  wpr-overlay-fade-in wpr-anim-size-large wpr-anim-timing-ease-default wpr-anim-transparency\" data-url=\"https:\/\/autokultuur.ee\/et\/minu-teekond-kaameraga\/\"><\/div><\/div><\/div><div class=\"wpr-grid-item-below-content elementor-clearfix\"><h2 class=\"wpr-grid-item-title elementor-repeater-item-1ee585d wpr-grid-item-display-block wpr-grid-item-align-center wpr-pointer-none wpr-pointer-line-fx wpr-pointer-fx-fade\"><div class=\"inner-block\"><a target=\"_self\"  href=\"https:\/\/autokultuur.ee\/et\/minu-teekond-kaameraga\/\">Minu teekond kaameraga &#8211; Silvo Voznesenski<\/a><\/div><\/h2><div class=\"wpr-grid-item-date elementor-repeater-item-ac87907 wpr-grid-item-display-inline wpr-grid-item-align-center\"><div class=\"inner-block\"><span>m\u00e4rts 17, 2026<span class=\"wpr-grid-extra-text-right\">\/<\/span><\/span><\/div><\/div><div class=\"wpr-grid-item-excerpt elementor-repeater-item-b3325a4 wpr-grid-item-display-block wpr-grid-item-align-center\"><div class=\"inner-block\"><p>Kes ma olen ja millega tegelen? Minu nimi on Silvo Voznesenski. Olen Tartust p\u00e4rit ja siiani siin elav fotograaf, kellele...<\/p><\/div><\/div><div class=\"wpr-grid-item-read-more elementor-repeater-item-993f7e2 wpr-grid-item-display-block wpr-grid-item-align-center\"><div class=\"inner-block\"><a target=\"_self\" href=\"https:\/\/autokultuur.ee\/et\/minu-teekond-kaameraga\/\" class=\"wpr-button-effect wpr-button-none\"><span>Loe edasi<\/span><\/a><\/div><\/div><\/div><\/div><\/article><article class=\"wpr-grid-item elementor-clearfix post-13923 post type-post status-publish format-standard has-post-thumbnail hentry category-uritused\"><div class=\"wpr-grid-item-inner\"><div class=\"wpr-grid-media-wrap wpr-effect-size-medium \" data-overlay-link=\"yes\"><div class=\"wpr-grid-image-wrap\" data-src=\"https:\/\/autokultuur.ee\/wp-content\/uploads\/2026\/01\/banner-autokultuur-3.jpg\" data-img-on-hover=\"\"  data-src-secondary=\"\"><img decoding=\"async\" data-no-lazy=\"1\" src=\"https:\/\/autokultuur.ee\/wp-content\/uploads\/2026\/01\/banner-autokultuur-3.jpg\" alt=\"Unistusest teostuseni &#8211; ehk kuidas ma Ultracel k\u00e4isin\" class=\"wpr-anim-timing-ease-default\"><\/div><div class=\"wpr-grid-media-hover wpr-animation-wrap\"><div class=\"wpr-grid-media-hover-bg  wpr-overlay-fade-in wpr-anim-size-large wpr-anim-timing-ease-default wpr-anim-transparency\" data-url=\"https:\/\/autokultuur.ee\/et\/unistusest-teostuseni-ehk-kuidas-ma-ultracel-kaisin\/\"><\/div><\/div><\/div><div class=\"wpr-grid-item-below-content elementor-clearfix\"><h2 class=\"wpr-grid-item-title elementor-repeater-item-1ee585d wpr-grid-item-display-block wpr-grid-item-align-center wpr-pointer-none wpr-pointer-line-fx wpr-pointer-fx-fade\"><div class=\"inner-block\"><a target=\"_self\"  href=\"https:\/\/autokultuur.ee\/et\/unistusest-teostuseni-ehk-kuidas-ma-ultracel-kaisin\/\">Unistusest teostuseni &#8211; ehk kuidas ma Ultracel k\u00e4isin<\/a><\/div><\/h2><div class=\"wpr-grid-item-date elementor-repeater-item-ac87907 wpr-grid-item-display-inline wpr-grid-item-align-center\"><div class=\"inner-block\"><span>jaanuar 13, 2026<span class=\"wpr-grid-extra-text-right\">\/<\/span><\/span><\/div><\/div><div class=\"wpr-grid-item-excerpt elementor-repeater-item-b3325a4 wpr-grid-item-display-block wpr-grid-item-align-center\"><div class=\"inner-block\"><p>Heh, ei teagi, kuidas seda lugu n\u00fc\u00fcd alustada. Ise kaadri taga teisi suunata ja nende lugusid postitusteks vormistada on justkui...<\/p><\/div><\/div><div class=\"wpr-grid-item-read-more elementor-repeater-item-993f7e2 wpr-grid-item-display-block wpr-grid-item-align-center\"><div class=\"inner-block\"><a target=\"_self\" href=\"https:\/\/autokultuur.ee\/et\/unistusest-teostuseni-ehk-kuidas-ma-ultracel-kaisin\/\" class=\"wpr-button-effect wpr-button-none\"><span>Loe edasi<\/span><\/a><\/div><\/div><\/div><\/div><\/article><article class=\"wpr-grid-item elementor-clearfix post-13782 post type-post status-publish format-standard has-post-thumbnail hentry category-autod\"><div class=\"wpr-grid-item-inner\"><div class=\"wpr-grid-media-wrap wpr-effect-size-medium \" data-overlay-link=\"yes\"><div class=\"wpr-grid-image-wrap\" data-src=\"https:\/\/autokultuur.ee\/wp-content\/uploads\/2025\/12\/FRV11.jpg\" data-img-on-hover=\"\"  data-src-secondary=\"\"><img decoding=\"async\" data-no-lazy=\"1\" src=\"https:\/\/autokultuur.ee\/wp-content\/uploads\/2025\/12\/FRV11.jpg\" alt=\"Eesti esimene Stanced Superauto\" class=\"wpr-anim-timing-ease-default\"><\/div><div class=\"wpr-grid-media-hover wpr-animation-wrap\"><div class=\"wpr-grid-media-hover-bg  wpr-overlay-fade-in wpr-anim-size-large wpr-anim-timing-ease-default wpr-anim-transparency\" data-url=\"https:\/\/autokultuur.ee\/et\/eesti-esimene-stanced-superauto\/\"><\/div><\/div><\/div><div class=\"wpr-grid-item-below-content elementor-clearfix\"><h2 class=\"wpr-grid-item-title elementor-repeater-item-1ee585d wpr-grid-item-display-block wpr-grid-item-align-center wpr-pointer-none wpr-pointer-line-fx wpr-pointer-fx-fade\"><div class=\"inner-block\"><a target=\"_self\"  href=\"https:\/\/autokultuur.ee\/et\/eesti-esimene-stanced-superauto\/\">Eesti esimene Stanced Superauto<\/a><\/div><\/h2><div class=\"wpr-grid-item-date elementor-repeater-item-ac87907 wpr-grid-item-display-inline wpr-grid-item-align-center\"><div class=\"inner-block\"><span>detsember 21, 2025<span class=\"wpr-grid-extra-text-right\">\/<\/span><\/span><\/div><\/div><div class=\"wpr-grid-item-excerpt elementor-repeater-item-b3325a4 wpr-grid-item-display-block wpr-grid-item-align-center\"><div class=\"inner-block\"><p>Nonii nonii nonii, ja olemegi j\u00f5udnud meie blogi teise sissekande juurde. Suur t\u00e4nu k\u00f5igile, kes ei pidanud paljuks eelmise postituse...<\/p><\/div><\/div><div class=\"wpr-grid-item-read-more elementor-repeater-item-993f7e2 wpr-grid-item-display-block wpr-grid-item-align-center\"><div class=\"inner-block\"><a target=\"_self\" href=\"https:\/\/autokultuur.ee\/et\/eesti-esimene-stanced-superauto\/\" class=\"wpr-button-effect wpr-button-none\"><span>Loe edasi<\/span><\/a><\/div><\/div><\/div><\/div><\/article><article class=\"wpr-grid-item elementor-clearfix post-13169 post type-post status-publish format-standard has-post-thumbnail hentry category-autod\"><div class=\"wpr-grid-item-inner\"><div class=\"wpr-grid-media-wrap wpr-effect-size-medium \" data-overlay-link=\"yes\"><div class=\"wpr-grid-image-wrap\" data-src=\"https:\/\/autokultuur.ee\/wp-content\/uploads\/2025\/10\/Siim1.jpg\" data-img-on-hover=\"\"  data-src-secondary=\"\"><img decoding=\"async\" data-no-lazy=\"1\" src=\"https:\/\/autokultuur.ee\/wp-content\/uploads\/2025\/10\/Siim1.jpg\" alt=\"Kirsimaitseline Beetle\" class=\"wpr-anim-timing-ease-default\"><\/div><div class=\"wpr-grid-media-hover wpr-animation-wrap\"><div class=\"wpr-grid-media-hover-bg  wpr-overlay-fade-in wpr-anim-size-large wpr-anim-timing-ease-default wpr-anim-transparency\" data-url=\"https:\/\/autokultuur.ee\/et\/kirsimaitseline-beetle\/\"><\/div><\/div><\/div><div class=\"wpr-grid-item-below-content elementor-clearfix\"><h2 class=\"wpr-grid-item-title elementor-repeater-item-1ee585d wpr-grid-item-display-block wpr-grid-item-align-center wpr-pointer-none wpr-pointer-line-fx wpr-pointer-fx-fade\"><div class=\"inner-block\"><a target=\"_self\"  href=\"https:\/\/autokultuur.ee\/et\/kirsimaitseline-beetle\/\">Kirsimaitseline Beetle<\/a><\/div><\/h2><div class=\"wpr-grid-item-date elementor-repeater-item-ac87907 wpr-grid-item-display-inline wpr-grid-item-align-center\"><div class=\"inner-block\"><span>november 6, 2025<span class=\"wpr-grid-extra-text-right\">\/<\/span><\/span><\/div><\/div><div class=\"wpr-grid-item-excerpt elementor-repeater-item-b3325a4 wpr-grid-item-display-block wpr-grid-item-align-center\"><div class=\"inner-block\"><p>Kange tahtmine oleks seda blogipostitust alustada t\u00e4naseks juba legendaarseks saanud s\u00f5nadega \u201eJouki jou\u201c, aga plagiaadi v\u00e4ltimise ja originaalsuse huvides me...<\/p><\/div><\/div><div class=\"wpr-grid-item-read-more elementor-repeater-item-993f7e2 wpr-grid-item-display-block wpr-grid-item-align-center\"><div class=\"inner-block\"><a target=\"_self\" href=\"https:\/\/autokultuur.ee\/et\/kirsimaitseline-beetle\/\" class=\"wpr-button-effect wpr-button-none\"><span>Loe edasi<\/span><\/a><\/div><\/div><\/div><\/div><\/article><\/section>\t\t\t\t<\/div>\n\t\t\t\t<\/div>\n\t\t\t\t\t<\/div>\n\t\t\t\t<\/div>\n\t\t\t\t<\/div>\n\t\t","protected":false},"excerpt":{"rendered":"<p>K\u00f5ik postitused Cars Events A Dream Coming True aka How I Went to Ultrace January 13, 2026\/ Heh, I\u2019m not even sure how to start this story now. Being behind the scenes, directing others and shaping their&#8230; Loe edasi Estonia`s First Stanced Supercar December 21, 2025\/ Well, well, well \u2014 and here we are with<\/p>\n","protected":false},"author":12,"featured_media":0,"parent":0,"menu_order":0,"comment_status":"closed","ping_status":"closed","template":"elementor_header_footer","meta":{"_eb_attr":"","site-sidebar-layout":"no-sidebar","site-content-layout":"page-builder","ast-site-content-layout":"full-width-container","site-content-style":"default","site-sidebar-style":"default","ast-global-header-display":"","ast-banner-title-visibility":"","ast-main-header-display":"","ast-hfb-above-header-display":"","ast-hfb-below-header-display":"","ast-hfb-mobile-header-display":"","site-post-title":"disabled","ast-breadcrumbs-content":"","ast-featured-img":"disabled","footer-sml-layout":"","theme-transparent-header-meta":"default","adv-header-id-meta":"","stick-header-meta":"default","header-above-stick-meta":"","header-main-stick-meta":"","header-below-stick-meta":"","astra-migrate-meta-layouts":"default","ast-page-background-enabled":"default","ast-page-background-meta":{"desktop":{"background-color":"var(--ast-global-color-4)","background-image":"","background-repeat":"repeat","background-position":"center center","background-size":"auto","background-attachment":"scroll","background-type":"","background-media":"","overlay-type":"","overlay-color":"","overlay-opacity":"","overlay-gradient":""},"tablet":{"background-color":"","background-image":"","background-repeat":"repeat","background-position":"center center","background-size":"auto","background-attachment":"scroll","background-type":"","background-media":"","overlay-type":"","overlay-color":"","overlay-opacity":"","overlay-gradient":""},"mobile":{"background-color":"","background-image":"","background-repeat":"repeat","background-position":"center center","background-size":"auto","background-attachment":"scroll","background-type":"","background-media":"","overlay-type":"","overlay-color":"","overlay-opacity":"","overlay-gradient":""}},"ast-content-background-meta":{"desktop":{"background-color":"var(--ast-global-color-5)","background-image":"","background-repeat":"repeat","background-position":"center center","background-size":"auto","background-attachment":"scroll","background-type":"","background-media":"","overlay-type":"","overlay-color":"","overlay-opacity":"","overlay-gradient":""},"tablet":{"background-color":"var(--ast-global-color-5)","background-image":"","background-repeat":"repeat","background-position":"center center","background-size":"auto","background-attachment":"scroll","background-type":"","background-media":"","overlay-type":"","overlay-color":"","overlay-opacity":"","overlay-gradient":""},"mobile":{"background-color":"var(--ast-global-color-5)","background-image":"","background-repeat":"repeat","background-position":"center center","background-size":"auto","background-attachment":"scroll","background-type":"","background-media":"","overlay-type":"","overlay-color":"","overlay-opacity":"","overlay-gradient":""}},"footnotes":""},"class_list":["post-13446","page","type-page","status-publish","hentry"],"jetpack_sharing_enabled":true,"_links":{"self":[{"href":"https:\/\/autokultuur.ee\/et\/wp-json\/wp\/v2\/pages\/13446","targetHints":{"allow":["GET"]}}],"collection":[{"href":"https:\/\/autokultuur.ee\/et\/wp-json\/wp\/v2\/pages"}],"about":[{"href":"https:\/\/autokultuur.ee\/et\/wp-json\/wp\/v2\/types\/page"}],"author":[{"embeddable":true,"href":"https:\/\/autokultuur.ee\/et\/wp-json\/wp\/v2\/users\/12"}],"replies":[{"embeddable":true,"href":"https:\/\/autokultuur.ee\/et\/wp-json\/wp\/v2\/comments?post=13446"}],"version-history":[{"count":5,"href":"https:\/\/autokultuur.ee\/et\/wp-json\/wp\/v2\/pages\/13446\/revisions"}],"predecessor-version":[{"id":14220,"href":"https:\/\/autokultuur.ee\/et\/wp-json\/wp\/v2\/pages\/13446\/revisions\/14220"}],"wp:attachment":[{"href":"https:\/\/autokultuur.ee\/et\/wp-json\/wp\/v2\/media?parent=13446"}],"curies":[{"name":"wp","href":"https:\/\/api.w.org\/{rel}","templated":true}]}}