{"id":10395,"date":"2023-12-10T22:19:15","date_gmt":"2023-12-10T22:19:15","guid":{"rendered":"https:\/\/autokultuur.ee\/product\/garaazi-banner\/"},"modified":"2023-12-10T22:19:15","modified_gmt":"2023-12-10T22:19:15","slug":"garaazi-banner","status":"publish","type":"product","link":"https:\/\/autokultuur.ee\/et\/toode\/garaazi-banner\/","title":{"rendered":"Garaa\u017ei b\u00e4nner"},"content":{"rendered":"","protected":false},"excerpt":{"rendered":"<ul>\n<li>Kvaliteetsest materjalist valmistatud b\u00e4nner garaa\u017ei sisustamiseks<\/li>\n<li>Suurus: 5&#215;1,5m<\/li>\n<\/ul>\n<p>V\u00f5imalik tellida ka teistes suurustes, lisainfo: <strong>info@autokultuur.ee<\/strong><\/p>\n<div class=\"elementor-element elementor-element-4d84a28 elementor-widget elementor-widget-woocommerce-product-short-description\" data-id=\"4d84a28\" data-element_type=\"widget\" data-widget_type=\"woocommerce-product-short-description.default\">\n<div class=\"elementor-widget-container\">\n<div class=\"woocommerce-product-details__short-description\">\n<div class=\"elementor-element elementor-element-4d84a28 elementor-widget elementor-widget-woocommerce-product-short-description\" data-id=\"4d84a28\" data-element_type=\"widget\" data-widget_type=\"woocommerce-product-short-description.default\">\n<div class=\"elementor-widget-container\">\n<div class=\"woocommerce-product-details__short-description\">\n<p>Kogu m\u00fc\u00fcgist saadav raha l\u00e4heb Eesti autokultuuri s\u00e4ilitamiseks.<\/p>\n<\/div>\n<\/div>\n<\/div>\n<\/div>\n<\/div>\n<\/div>\n","protected":false},"featured_media":7989,"template":"","meta":{"_eb_attr":"","site-sidebar-layout":"default","site-content-layout":"","ast-site-content-layout":"default","site-content-style":"default","site-sidebar-style":"default","ast-global-header-display":"","ast-banner-title-visibility":"","ast-main-header-display":"","ast-hfb-above-header-display":"","ast-hfb-below-header-display":"","ast-hfb-mobile-header-display":"","site-post-title":"","ast-breadcrumbs-content":"","ast-featured-img":"","footer-sml-layout":"","theme-transparent-header-meta":"default","adv-header-id-meta":"","stick-header-meta":"default","header-above-stick-meta":"","header-main-stick-meta":"","header-below-stick-meta":"","astra-migrate-meta-layouts":"default","ast-page-background-enabled":"default","ast-page-background-meta":{"desktop":{"background-color":"var(--ast-global-color-4)","background-image":"","background-repeat":"repeat","background-position":"center center","background-size":"auto","background-attachment":"scroll","background-type":"","background-media":"","overlay-type":"","overlay-color":"","overlay-opacity":"","overlay-gradient":""},"tablet":{"background-color":"","background-image":"","background-repeat":"repeat","background-position":"center center","background-size":"auto","background-attachment":"scroll","background-type":"","background-media":"","overlay-type":"","overlay-color":"","overlay-opacity":"","overlay-gradient":""},"mobile":{"background-color":"","background-image":"","background-repeat":"repeat","background-position":"center center","background-size":"auto","background-attachment":"scroll","background-type":"","background-media":"","overlay-type":"","overlay-color":"","overlay-opacity":"","overlay-gradient":""}},"ast-content-background-meta":{"desktop":{"background-color":"var(--ast-global-color-5)","background-image":"","background-repeat":"repeat","background-position":"center center","background-size":"auto","background-attachment":"scroll","background-type":"","background-media":"","overlay-type":"","overlay-color":"","overlay-opacity":"","overlay-gradient":""},"tablet":{"background-color":"var(--ast-global-color-5)","background-image":"","background-repeat":"repeat","background-position":"center center","background-size":"auto","background-attachment":"scroll","background-type":"","background-media":"","overlay-type":"","overlay-color":"","overlay-opacity":"","overlay-gradient":""},"mobile":{"background-color":"var(--ast-global-color-5)","background-image":"","background-repeat":"repeat","background-position":"center center","background-size":"auto","background-attachment":"scroll","background-type":"","background-media":"","overlay-type":"","overlay-color":"","overlay-opacity":"","overlay-gradient":""}}},"product_brand":[],"product_cat":[50],"product_tag":[],"class_list":{"0":"post-10395","1":"product","2":"type-product","3":"status-publish","4":"has-post-thumbnail","6":"product_cat-kleebised-ja-bannerid","7":"desktop-align-left","8":"tablet-align-left","9":"mobile-align-left","10":"ast-product-gallery-layout-horizontal-slider","11":"ast-product-gallery-with-no-image","13":"first","14":"onbackorder","15":"taxable","16":"shipping-taxable","17":"purchasable","18":"product-type-simple"},"jetpack_sharing_enabled":true,"_links":{"self":[{"href":"https:\/\/autokultuur.ee\/et\/wp-json\/wp\/v2\/product\/10395","targetHints":{"allow":["GET"]}}],"collection":[{"href":"https:\/\/autokultuur.ee\/et\/wp-json\/wp\/v2\/product"}],"about":[{"href":"https:\/\/autokultuur.ee\/et\/wp-json\/wp\/v2\/types\/product"}],"wp:featuredmedia":[{"embeddable":true,"href":"https:\/\/autokultuur.ee\/et\/wp-json\/wp\/v2\/media\/7989"}],"wp:attachment":[{"href":"https:\/\/autokultuur.ee\/et\/wp-json\/wp\/v2\/media?parent=10395"}],"wp:term":[{"taxonomy":"product_brand","embeddable":true,"href":"https:\/\/autokultuur.ee\/et\/wp-json\/wp\/v2\/product_brand?post=10395"},{"taxonomy":"product_cat","embeddable":true,"href":"https:\/\/autokultuur.ee\/et\/wp-json\/wp\/v2\/product_cat?post=10395"},{"taxonomy":"product_tag","embeddable":true,"href":"https:\/\/autokultuur.ee\/et\/wp-json\/wp\/v2\/product_tag?post=10395"}],"curies":[{"name":"wp","href":"https:\/\/api.w.org\/{rel}","templated":true}]}}